{"id":25,"date":"2015-08-13T04:56:24","date_gmt":"2015-08-13T04:56:24","guid":{"rendered":"http:\/\/dentall.stylemixthemes.com\/demo\/?page_id=25"},"modified":"2025-05-27T19:01:10","modified_gmt":"2025-05-27T19:01:10","slug":"quem-somos","status":"publish","type":"page","link":"https:\/\/ocidentalstation.com\/index.php\/quem-somos\/","title":{"rendered":"Quem somos"},"content":{"rendered":"<p>[vc_row full_width=&#8221;stretch_row_content_no_spaces&#8221;][vc_column offset=&#8221;vc_hidden-xs&#8221;][vc_single_image image=&#8221;820&#8243; img_size=&#8221;full&#8221; alignment=&#8221;center&#8221;][\/vc_column][\/vc_row][vc_row full_width=&#8221;stretch_row&#8221;][vc_column][vc_empty_space height=&#8221;32&#8243;][vc_column_text]<\/p>\n<h4 class=\"p1\" style=\"text-align: center;\"><strong>Sobre n\u00f3s<\/strong><\/h4>\n<p>[\/vc_column_text][vc_empty_space height=&#8221;32&#8243;][\/vc_column][\/vc_row][vc_row][vc_column width=&#8221;1\/2&#8243;][vc_empty_space height=&#8221;18&#8243;][vc_single_image image=&#8221;2049&#8243; img_size=&#8221;full&#8221; alignment=&#8221;center&#8221;][\/vc_column][vc_column width=&#8221;1\/2&#8243;][vc_column_text]Somos uma Cl\u00ednica existente h\u00e1 mais de duas d\u00e9cadas formada por profissionais e m\u00e9dicos experientes.<\/p>\n<p>Estamos situados em Queluz-Monte Abra\u00e3o desde 1992 a prestar nossos servi\u00e7os e com muito esfor\u00e7o e dedica\u00e7\u00e3o atingimos a marca de mais de vinte mil doentes tratados e satisfeitos com os nossos servi\u00e7os.<\/p>\n<p>Apostamos nos avan\u00e7os tecnol\u00f3gicos, na excel\u00eancia de materiais usados, em atualiza\u00e7\u00f5es de estudos e pesquisas cient\u00edficas, mas basicamente na experi\u00eancia de nossos profissionais para atingir \u00eaxito e satisfa\u00e7\u00e3o nos tratamentos oferecidos aos nossos doentes.<\/p>\n<p>Nosso maior objetivo \u00e9 atingir a excel\u00eancia nos tratamentos realizados, sobretudo satisfa\u00e7\u00e3o dos nossos clientes dentro das possibilidades existentes tendo em conta uma \u00f3tima rela\u00e7\u00e3o custo benef\u00edcio para o mercado atual.<\/p>\n<p>O nosso maior prazer \u00e9 o de construir, ou melhor, reconstruir sorrisos recuperando n\u00e3o somente a parte funcional, fon\u00e9tica e est\u00e9tica do paciente, mas sobretudo sua autoestima e desejo de viver.<\/p>\n<p>Dr Murilo Baldin \/ Dra. Soraya Pegorin<\/p>\n<p>[\/vc_column_text][\/vc_column][\/vc_row][vc_row full_width=&#8221;stretch_row&#8221;][vc_column][vc_empty_space height=&#8221;32&#8243;][\/vc_column][\/vc_row][vc_row full_width=&#8221;stretch_row&#8221; css=&#8221;.vc_custom_1595159952544{background-color: #f7f7f7 !important;}&#8221;][vc_column][vc_empty_space height=&#8221;20&#8243;][vc_custom_heading text=&#8221;A nossa equipa&#8221; font_container=&#8221;tag:h3|text_align:left|color:%234c4c4c&#8221; use_theme_fonts=&#8221;yes&#8221; css=&#8221;.vc_custom_1595159973248{margin-bottom: 25px !important;}&#8221;][vc_empty_space height=&#8221;10&#8243;][stm_staff_list style=&#8221;grid&#8221; per_row=&#8221;3&#8243; count=&#8221;2&#8243;][vc_empty_space height=&#8221;32&#8243;][\/vc_column][\/vc_row][vc_row full_width=&#8221;stretch_row&#8221; css=&#8221;.vc_custom_1595159610986{margin-bottom: 0px !important;}&#8221;][vc_column][vc_empty_space height=&#8221;32&#8243;][vc_column_text]<\/p>\n<h4 style=\"text-align: center;\"><span style=\"color: #000000;\"><strong>Parceiros<\/strong><\/span><\/h4>\n<p>[\/vc_column_text][vc_empty_space height=&#8221;10&#8243;][\/vc_column][\/vc_row][vc_row full_width=&#8221;stretch_row&#8221; css=&#8221;.vc_custom_1595159578044{margin-bottom: -10px !important;}&#8221;][vc_column width=&#8221;1\/5&#8243; css=&#8221;.vc_custom_1595112101167{background-color: #ffffff !important;}&#8221;][vc_single_image image=&#8221;1906&#8243; img_size=&#8221;full&#8221; alignment=&#8221;center&#8221;][vc_empty_space height=&#8221;10&#8243;][\/vc_column][vc_column width=&#8221;1\/5&#8243; css=&#8221;.vc_custom_1595112110527{background-color: #ffffff !important;}&#8221;][vc_single_image image=&#8221;1910&#8243; img_size=&#8221;full&#8221; alignment=&#8221;center&#8221; css=&#8221;.vc_custom_1595148525754{margin-top: -10px !important;}&#8221;][vc_empty_space height=&#8221;10&#8243;][\/vc_column][vc_column width=&#8221;1\/5&#8243;][vc_single_image image=&#8221;1912&#8243; img_size=&#8221;full&#8221; alignment=&#8221;center&#8221;][vc_empty_space height=&#8221;10&#8243;][\/vc_column][vc_column width=&#8221;1\/5&#8243;][vc_single_image image=&#8221;1980&#8243; img_size=&#8221;full&#8221; alignment=&#8221;center&#8221;][vc_empty_space height=&#8221;10&#8243;][\/vc_column][vc_column width=&#8221;1\/5&#8243;][vc_single_image image=&#8221;1977&#8243; img_size=&#8221;full&#8221; alignment=&#8221;center&#8221;][vc_empty_space height=&#8221;10&#8243;][\/vc_column][\/vc_row][vc_row full_width=&#8221;stretch_row&#8221; css=&#8221;.vc_custom_1595159586744{margin-bottom: -10px !important;}&#8221;][vc_column width=&#8221;1\/5&#8243; css=&#8221;.vc_custom_1595112101167{background-color: #ffffff !important;}&#8221;][vc_single_image image=&#8221;2018&#8243; img_size=&#8221;full&#8221; alignment=&#8221;center&#8221;][vc_empty_space height=&#8221;10&#8243;][\/vc_column][vc_column width=&#8221;1\/5&#8243; css=&#8221;.vc_custom_1595112110527{background-color: #ffffff !important;}&#8221;][vc_single_image image=&#8221;1916&#8243; img_size=&#8221;full&#8221; alignment=&#8221;center&#8221;][vc_empty_space height=&#8221;10&#8243;][\/vc_column][vc_column width=&#8221;1\/5&#8243;][vc_single_image image=&#8221;1984&#8243; img_size=&#8221;full&#8221; alignment=&#8221;center&#8221;][vc_empty_space height=&#8221;10&#8243;][\/vc_column][vc_column width=&#8221;1\/5&#8243;][vc_single_image image=&#8221;1994&#8243; img_size=&#8221;full&#8221; alignment=&#8221;center&#8221;][vc_empty_space height=&#8221;10&#8243;][\/vc_column][vc_column width=&#8221;1\/5&#8243;][vc_single_image image=&#8221;2026&#8243; img_size=&#8221;full&#8221; alignment=&#8221;center&#8221;][vc_empty_space height=&#8221;10&#8243;][\/vc_column][\/vc_row][vc_row full_width=&#8221;stretch_row&#8221; css=&#8221;.vc_custom_1595112444074{margin-bottom: 0px !important;padding-top: 0px !important;}&#8221; el_class=&#8221;base_background_color&#8221;][vc_column][vc_empty_space height=&#8221;32&#8243;][vc_column_text]<\/p>\n<h4 style=\"text-align: center;\"><strong><span style=\"color: #ffffff;\">Marcas em que apostamos<\/span><\/strong><\/h4>\n<p>[\/vc_column_text][vc_empty_space height=&#8221;10&#8243;][\/vc_column][\/vc_row][vc_row full_width=&#8221;stretch_row&#8221; el_class=&#8221;base_background_color&#8221;][vc_column width=&#8221;1\/4&#8243; css=&#8221;.vc_custom_1595112101167{background-color: #ffffff !important;}&#8221;][vc_single_image image=&#8221;1869&#8243; img_size=&#8221;full&#8221; alignment=&#8221;center&#8221;][vc_empty_space height=&#8221;10&#8243;][\/vc_column][vc_column width=&#8221;1\/4&#8243; css=&#8221;.vc_custom_1595112110527{background-color: #ffffff !important;}&#8221;][vc_single_image image=&#8221;1872&#8243; img_size=&#8221;full&#8221; alignment=&#8221;center&#8221;][vc_empty_space height=&#8221;10&#8243;][\/vc_column][vc_column width=&#8221;1\/4&#8243;][vc_single_image image=&#8221;1867&#8243; img_size=&#8221;full&#8221; alignment=&#8221;center&#8221;][vc_empty_space height=&#8221;10&#8243;][\/vc_column][vc_column width=&#8221;1\/4&#8243;][vc_single_image image=&#8221;1868&#8243; img_size=&#8221;full&#8221; alignment=&#8221;center&#8221;][vc_empty_space height=&#8221;10&#8243;][\/vc_column][\/vc_row][vc_row full_width=&#8221;stretch_row&#8221; el_class=&#8221;base_background_color&#8221; css=&#8221;.vc_custom_1595159248575{margin-bottom: -10px !important;}&#8221;][vc_column width=&#8221;1\/4&#8243;][vc_single_image image=&#8221;1873&#8243; img_size=&#8221;full&#8221; alignment=&#8221;center&#8221;][vc_empty_space height=&#8221;10&#8243;][\/vc_column][vc_column width=&#8221;1\/4&#8243;][vc_single_image image=&#8221;1870&#8243; img_size=&#8221;full&#8221; alignment=&#8221;center&#8221;][vc_empty_space height=&#8221;10&#8243;][\/vc_column][vc_column width=&#8221;1\/4&#8243;][vc_single_image image=&#8221;1866&#8243; img_size=&#8221;full&#8221; alignment=&#8221;center&#8221;][vc_empty_space height=&#8221;10&#8243;][\/vc_column][vc_column width=&#8221;1\/4&#8243;][vc_single_image image=&#8221;1871&#8243; img_size=&#8221;full&#8221; alignment=&#8221;center&#8221;][vc_empty_space height=&#8221;10&#8243;][\/vc_column][\/vc_row]<\/p>\n","protected":false},"excerpt":{"rendered":"<p>[vc_row full_width=&#8221;stretch_row_content_no_spaces&#8221;][vc_column offset=&#8221;vc_hidden-xs&#8221;][vc_single_image image=&#8221;820&#8243; img_size=&#8221;full&#8221; alignment=&#8221;center&#8221;][\/vc_column][\/vc_row][vc_row full_width=&#8221;stretch_row&#8221;][vc_column][vc_empty_space height=&#8221;32&#8243;][vc_column_text] Sobre n\u00f3s [\/vc_column_text][vc_empty_space height=&#8221;32&#8243;][\/vc_column][\/vc_row][vc_row][vc_column width=&#8221;1\/2&#8243;][vc_empty_space height=&#8221;18&#8243;][vc_single_image image=&#8221;2049&#8243; img_size=&#8221;full&#8221; alignment=&#8221;center&#8221;][\/vc_column][vc_column width=&#8221;1\/2&#8243;][vc_column_text]Somos uma Cl\u00ednica existente h\u00e1 mais de duas d\u00e9cadas formada por profissionais e m\u00e9dicos experientes. Estamos situados em Queluz-Monte Abra\u00e3o desde 1992 a prestar nossos servi\u00e7os e com muito esfor\u00e7o e dedica\u00e7\u00e3o atingimos a marca de mais de&#8230;<\/p>\n","protected":false},"author":1,"featured_media":0,"parent":0,"menu_order":0,"comment_status":"closed","ping_status":"closed","template":"","meta":{"footnotes":""},"class_list":["post-25","page","type-page","status-publish","hentry"],"_links":{"self":[{"href":"https:\/\/ocidentalstation.com\/index.php\/wp-json\/wp\/v2\/pages\/25","targetHints":{"allow":["GET"]}}],"collection":[{"href":"https:\/\/ocidentalstation.com\/index.php\/wp-json\/wp\/v2\/pages"}],"about":[{"href":"https:\/\/ocidentalstation.com\/index.php\/wp-json\/wp\/v2\/types\/page"}],"author":[{"embeddable":true,"href":"https:\/\/ocidentalstation.com\/index.php\/wp-json\/wp\/v2\/users\/1"}],"replies":[{"embeddable":true,"href":"https:\/\/ocidentalstation.com\/index.php\/wp-json\/wp\/v2\/comments?post=25"}],"version-history":[{"count":108,"href":"https:\/\/ocidentalstation.com\/index.php\/wp-json\/wp\/v2\/pages\/25\/revisions"}],"predecessor-version":[{"id":2302,"href":"https:\/\/ocidentalstation.com\/index.php\/wp-json\/wp\/v2\/pages\/25\/revisions\/2302"}],"wp:attachment":[{"href":"https:\/\/ocidentalstation.com\/index.php\/wp-json\/wp\/v2\/media?parent=25"}],"curies":[{"name":"wp","href":"https:\/\/api.w.org\/{rel}","templated":true}]}}